{"id":9416,"date":"2026-04-06T15:58:55","date_gmt":"2026-04-06T15:58:55","guid":{"rendered":"https:\/\/acqualian.com\/?post_type=product&#038;p=9416"},"modified":"2026-04-06T16:03:33","modified_gmt":"2026-04-06T16:03:33","slug":"nada-en-dos-horas","status":"publish","type":"product","link":"https:\/\/acqualian.com\/en\/product\/nada-en-dos-horas\/","title":{"rendered":"Aprende a nadar en dos horas"},"content":{"rendered":"<p>\u00a1Tu hijo aprender\u00e1 los conceptos b\u00e1sicos de la nataci\u00f3n en 1 sesi\u00f3n personalizada en la playa y amar\u00e1 el agua para siempre! perder\u00e1 sus inseguridades b\u00e1sicas a trav\u00e9s del juego con nuestras instructoras.<\/p>\n<p>Puede disfrutar de esta clase en nuestras instalaciones en The Boat House en Boca Chica, dentro de los pr\u00f3ximos 30 d\u00edas desde su adquisici\u00f3n. Puede ser para ti, o como regalo para otra persona.<\/p>\n<p>La clase puede ser para beb\u00e9s y ni\u00f1os.<\/p>\n<p>Remember that we are located at The Boat House Restaurant on Duarte Street in Boca Chica.<\/p>","protected":false},"excerpt":{"rendered":"<p>Check out our schedule and enjoy your pass now. We&#039;re sure you&#039;ll love it and want to stay with us longer.<\/p>","protected":false},"featured_media":5555,"template":"","meta":{"om_disable_all_campaigns":false,"_monsterinsights_skip_tracking":false,"_monsterinsights_sitenote_active":false,"_monsterinsights_sitenote_note":"","_monsterinsights_sitenote_category":0,"site-sidebar-layout":"default","site-content-layout":"default","ast-site-content-layout":"default","site-content-style":"default","site-sidebar-style":"default","ast-global-header-display":"","ast-banner-title-visibility":"","ast-main-header-display":"","ast-hfb-above-header-display":"","ast-hfb-below-header-display":"","ast-hfb-mobile-header-display":"","site-post-title":"","ast-breadcrumbs-content":"","ast-featured-img":"","footer-sml-layout":"","theme-transparent-header-meta":"default","adv-header-id-meta":"","stick-header-meta":"","header-above-stick-meta":"","header-main-stick-meta":"","header-below-stick-meta":"","astra-migrate-meta-layouts":"set","ast-page-background-enabled":"default","ast-page-background-meta":{"desktop":{"background-color":"","background-image":"","background-repeat":"repeat","background-position":"center center","background-size":"auto","background-attachment":"scroll","background-type":"","background-media":"","overlay-type":"","overlay-color":"","overlay-opacity":"","overlay-gradient":""},"tablet":{"background-color":"","background-image":"","background-repeat":"repeat","background-position":"center center","background-size":"auto","background-attachment":"scroll","background-type":"","background-media":"","overlay-type":"","overlay-color":"","overlay-opacity":"","overlay-gradient":""},"mobile":{"background-color":"","background-image":"","background-repeat":"repeat","background-position":"center center","background-size":"auto","background-attachment":"scroll","background-type":"","background-media":"","overlay-type":"","overlay-color":"","overlay-opacity":"","overlay-gradient":""}},"ast-content-background-meta":{"desktop":{"background-color":"var(--ast-global-color-5)","background-image":"","background-repeat":"repeat","background-position":"center center","background-size":"auto","background-attachment":"scroll","background-type":"","background-media":"","overlay-type":"","overlay-color":"","overlay-opacity":"","overlay-gradient":""},"tablet":{"background-color":"var(--ast-global-color-5)","background-image":"","background-repeat":"repeat","background-position":"center center","background-size":"auto","background-attachment":"scroll","background-type":"","background-media":"","overlay-type":"","overlay-color":"","overlay-opacity":"","overlay-gradient":""},"mobile":{"background-color":"var(--ast-global-color-5)","background-image":"","background-repeat":"repeat","background-position":"center center","background-size":"auto","background-attachment":"scroll","background-type":"","background-media":"","overlay-type":"","overlay-color":"","overlay-opacity":"","overlay-gradient":""}},"_joinchat":[]},"product_brand":[],"product_cat":[15,198,199,203,201,202],"product_tag":[],"class_list":{"0":"post-9416","1":"product","2":"type-product","3":"status-publish","4":"has-post-thumbnail","6":"product_cat-categoria-general","7":"product_cat-clases-de-natacion-en-la-playa","8":"product_cat-clases-de-natacion-en-piscina","9":"product_cat-clases-de-natacion-para-ninos-y-bebes","10":"product_cat-clases-personalizadas","11":"product_cat-regalos-para-otros","12":"desktop-align-left","13":"tablet-align-left","14":"mobile-align-left","16":"first","17":"instock","18":"virtual","19":"purchasable","20":"product-type-simple"},"aioseo_notices":[],"_links":{"self":[{"href":"https:\/\/acqualian.com\/en\/wp-json\/wp\/v2\/product\/9416","targetHints":{"allow":["GET"]}}],"collection":[{"href":"https:\/\/acqualian.com\/en\/wp-json\/wp\/v2\/product"}],"about":[{"href":"https:\/\/acqualian.com\/en\/wp-json\/wp\/v2\/types\/product"}],"version-history":[{"count":1,"href":"https:\/\/acqualian.com\/en\/wp-json\/wp\/v2\/product\/9416\/revisions"}],"predecessor-version":[{"id":9417,"href":"https:\/\/acqualian.com\/en\/wp-json\/wp\/v2\/product\/9416\/revisions\/9417"}],"wp:featuredmedia":[{"embeddable":true,"href":"https:\/\/acqualian.com\/en\/wp-json\/wp\/v2\/media\/5555"}],"wp:attachment":[{"href":"https:\/\/acqualian.com\/en\/wp-json\/wp\/v2\/media?parent=9416"}],"wp:term":[{"taxonomy":"product_brand","embeddable":true,"href":"https:\/\/acqualian.com\/en\/wp-json\/wp\/v2\/product_brand?post=9416"},{"taxonomy":"product_cat","embeddable":true,"href":"https:\/\/acqualian.com\/en\/wp-json\/wp\/v2\/product_cat?post=9416"},{"taxonomy":"product_tag","embeddable":true,"href":"https:\/\/acqualian.com\/en\/wp-json\/wp\/v2\/product_tag?post=9416"}],"curies":[{"name":"wp","href":"https:\/\/api.w.org\/{rel}","templated":true}]}}